{"id":5,"date":"2023-01-18T16:34:20","date_gmt":"2023-01-18T16:34:20","guid":{"rendered":"https:\/\/irain.es\/?page_id=5"},"modified":"2023-12-13T17:52:45","modified_gmt":"2023-12-13T17:52:45","slug":"home","status":"publish","type":"page","link":"https:\/\/irain.es\/","title":{"rendered":"HOME"},"content":{"rendered":"\t\t<div data-elementor-type=\"wp-page\" data-elementor-id=\"5\" class=\"elementor elementor-5\">\n\t\t\t\t\t\t<section class=\"elementor-section elementor-top-section elementor-element elementor-element-45fe8fd elementor-section-boxed elementor-section-height-default elementor-section-height-default\" data-id=\"45fe8fd\" data-element_type=\"section\">\n\t\t\t\t\t\t<div class=\"elementor-container elementor-column-gap-default\">\n\t\t\t\t\t<div class=\"elementor-column elementor-col-100 elementor-top-column elementor-element elementor-element-08d9e5a\" data-id=\"08d9e5a\" data-element_type=\"column\">\n\t\t\t<div class=\"elementor-widget-wrap elementor-element-populated\">\n\t\t\t\t\t\t<div class=\"elementor-element elementor-element-e1cb687 elementor-widget elementor-widget-image\" data-id=\"e1cb687\" data-element_type=\"widget\" data-widget_type=\"image.default\">\n\t\t\t\t<div class=\"elementor-widget-container\">\n\t\t\t\t\t\t\t\t\t\t\t\t\t<img decoding=\"async\" width=\"300\" height=\"151\" src=\"https:\/\/irain.es\/wp-content\/uploads\/2023\/02\/LOGP-IRAIN-300x151.jpg\" class=\"attachment-medium size-medium wp-image-76\" alt=\"\" srcset=\"https:\/\/irain.es\/wp-content\/uploads\/2023\/02\/LOGP-IRAIN-300x151.jpg 300w, https:\/\/irain.es\/wp-content\/uploads\/2023\/02\/LOGP-IRAIN-1024x517.jpg 1024w, https:\/\/irain.es\/wp-content\/uploads\/2023\/02\/LOGP-IRAIN-768x388.jpg 768w, https:\/\/irain.es\/wp-content\/uploads\/2023\/02\/LOGP-IRAIN.jpg 1169w\" sizes=\"(max-width: 300px) 100vw, 300px\" \/>\t\t\t\t\t\t\t\t\t\t\t\t\t<\/div>\n\t\t\t\t<\/div>\n\t\t\t\t<div class=\"elementor-element elementor-element-65eec07 elementor-widget elementor-widget-text-editor\" data-id=\"65eec07\" data-element_type=\"widget\" data-widget_type=\"text-editor.default\">\n\t\t\t\t<div class=\"elementor-widget-container\">\n\t\t\t\t\t\t\t<h3>\u00abRepartimos a tiendas, bares, supermercados, comedores,&#8230;\u00bb<\/h3>\t\t\t\t\t\t<\/div>\n\t\t\t\t<\/div>\n\t\t\t\t\t<\/div>\n\t\t<\/div>\n\t\t\t\t\t<\/div>\n\t\t<\/section>\n\t\t\t\t<section class=\"elementor-section elementor-top-section elementor-element elementor-element-7e6f340 elementor-section-boxed elementor-section-height-default elementor-section-height-default\" data-id=\"7e6f340\" data-element_type=\"section\">\n\t\t\t\t\t\t<div class=\"elementor-container elementor-column-gap-default\">\n\t\t\t\t\t<div class=\"elementor-column elementor-col-100 elementor-top-column elementor-element elementor-element-1963c40\" data-id=\"1963c40\" data-element_type=\"column\">\n\t\t\t<div class=\"elementor-widget-wrap elementor-element-populated\">\n\t\t\t\t\t\t<div class=\"elementor-element elementor-element-a338d41 elementor-widget elementor-widget-text-editor\" data-id=\"a338d41\" data-element_type=\"widget\" data-widget_type=\"text-editor.default\">\n\t\t\t\t<div class=\"elementor-widget-container\">\n\t\t\t\t\t\t\t<h3>Alimentaci\u00f3n &#8211; Bebidas &#8211; Droguer\u00eda &#8211; Higiene &#8211; Celulosa<\/h3>\t\t\t\t\t\t<\/div>\n\t\t\t\t<\/div>\n\t\t\t\t\t<\/div>\n\t\t<\/div>\n\t\t\t\t\t<\/div>\n\t\t<\/section>\n\t\t\t\t<section class=\"elementor-section elementor-top-section elementor-element elementor-element-138bf49 elementor-section-full_width elementor-section-height-default elementor-section-height-default\" data-id=\"138bf49\" data-element_type=\"section\" data-settings=\"{&quot;background_background&quot;:&quot;classic&quot;}\">\n\t\t\t\t\t\t<div class=\"elementor-container elementor-column-gap-default\">\n\t\t\t\t\t<div class=\"elementor-column elementor-col-100 elementor-top-column elementor-element elementor-element-b85220a\" data-id=\"b85220a\" data-element_type=\"column\">\n\t\t\t<div class=\"elementor-widget-wrap elementor-element-populated\">\n\t\t\t\t\t\t<section class=\"elementor-section elementor-inner-section elementor-element elementor-element-84bf0eb elementor-section-boxed elementor-section-height-default elementor-section-height-default\" data-id=\"84bf0eb\" data-element_type=\"section\">\n\t\t\t\t\t\t<div class=\"elementor-container elementor-column-gap-default\">\n\t\t\t\t\t<div class=\"elementor-column elementor-col-50 elementor-inner-column elementor-element elementor-element-14cd9a0\" data-id=\"14cd9a0\" data-element_type=\"column\">\n\t\t\t<div class=\"elementor-widget-wrap elementor-element-populated\">\n\t\t\t\t\t\t<div class=\"elementor-element elementor-element-7cb9c6e elementor-view-default elementor-widget elementor-widget-icon\" data-id=\"7cb9c6e\" data-element_type=\"widget\" data-widget_type=\"icon.default\">\n\t\t\t\t<div class=\"elementor-widget-container\">\n\t\t\t\t\t<div class=\"elementor-icon-wrapper\">\n\t\t\t<a class=\"elementor-icon\" href=\"https:\/\/www.google.es\/maps\/place\/Irain+Distribuciones\/@43.0507368,-2.2312453,17z\/data=!3m1!4b1!4m5!3m4!1s0xd5031b6a22dc903:0x368e93c878ec6268!8m2!3d43.0507445!4d-2.2290644\">\n\t\t\t<i aria-hidden=\"true\" class=\"fas fa-map-marker-alt\"><\/i>\t\t\t<\/a>\n\t\t<\/div>\n\t\t\t\t<\/div>\n\t\t\t\t<\/div>\n\t\t\t\t<div class=\"elementor-element elementor-element-94c5a74 elementor-view-default elementor-widget elementor-widget-icon\" data-id=\"94c5a74\" data-element_type=\"widget\" data-widget_type=\"icon.default\">\n\t\t\t\t<div class=\"elementor-widget-container\">\n\t\t\t\t\t<div class=\"elementor-icon-wrapper\">\n\t\t\t<div class=\"elementor-icon\">\n\t\t\t<i aria-hidden=\"true\" class=\"fas fa-mail-bulk\"><\/i>\t\t\t<\/div>\n\t\t<\/div>\n\t\t\t\t<\/div>\n\t\t\t\t<\/div>\n\t\t\t\t<div class=\"elementor-element elementor-element-7cc989b elementor-view-default elementor-widget elementor-widget-icon\" data-id=\"7cc989b\" data-element_type=\"widget\" data-widget_type=\"icon.default\">\n\t\t\t\t<div class=\"elementor-widget-container\">\n\t\t\t\t\t<div class=\"elementor-icon-wrapper\">\n\t\t\t<div class=\"elementor-icon\">\n\t\t\t<i aria-hidden=\"true\" class=\"fas fa-phone-alt\"><\/i>\t\t\t<\/div>\n\t\t<\/div>\n\t\t\t\t<\/div>\n\t\t\t\t<\/div>\n\t\t\t\t\t<\/div>\n\t\t<\/div>\n\t\t\t\t<div class=\"elementor-column elementor-col-50 elementor-inner-column elementor-element elementor-element-2967056\" data-id=\"2967056\" data-element_type=\"column\">\n\t\t\t<div class=\"elementor-widget-wrap elementor-element-populated\">\n\t\t\t\t\t\t<div class=\"elementor-element elementor-element-5af2d9c elementor-widget elementor-widget-text-editor\" data-id=\"5af2d9c\" data-element_type=\"widget\" data-widget_type=\"text-editor.default\">\n\t\t\t\t<div class=\"elementor-widget-container\">\n\t\t\t\t\t\t\t<p><span style=\"color: #ffffff; text-align: center;\">Pol\u00edgono Ittola A2-2 20218 Salvatore, Beasain (Guip\u00fazcoa)<\/span><\/p>\t\t\t\t\t\t<\/div>\n\t\t\t\t<\/div>\n\t\t\t\t<div class=\"elementor-element elementor-element-9aac1da elementor-widget elementor-widget-text-editor\" data-id=\"9aac1da\" data-element_type=\"widget\" data-widget_type=\"text-editor.default\">\n\t\t\t\t<div class=\"elementor-widget-container\">\n\t\t\t\t\t\t\t<p><span style=\"color: #ffffff; text-align: center;\">distribucionesirain@hotmail.es<\/span><\/p>\t\t\t\t\t\t<\/div>\n\t\t\t\t<\/div>\n\t\t\t\t<div class=\"elementor-element elementor-element-805ab4d elementor-widget elementor-widget-text-editor\" data-id=\"805ab4d\" data-element_type=\"widget\" data-widget_type=\"text-editor.default\">\n\t\t\t\t<div class=\"elementor-widget-container\">\n\t\t\t\t\t\t\t<p>943 558 722 &#8211; 677 442 090<\/p>\t\t\t\t\t\t<\/div>\n\t\t\t\t<\/div>\n\t\t\t\t\t<\/div>\n\t\t<\/div>\n\t\t\t\t\t<\/div>\n\t\t<\/section>\n\t\t\t\t\t<\/div>\n\t\t<\/div>\n\t\t\t\t\t<\/div>\n\t\t<\/section>\n\t\t\t\t<\/div>\n\t\t","protected":false},"excerpt":{"rendered":"<p>\u00abRepartimos a tiendas, bares, supermercados, comedores,&#8230;\u00bb Alimentaci\u00f3n &#8211; Bebidas &#8211; Droguer\u00eda &#8211; Higiene &#8211; Celulosa Pol\u00edgono Ittola A2-2 20218 Salvatore, Beasain (Guip\u00fazcoa) distribucionesirain@hotmail.es 943 558 722 &#8211; 677 442 090<\/p>\n","protected":false},"author":1,"featured_media":0,"parent":0,"menu_order":0,"comment_status":"closed","ping_status":"closed","template":"","meta":{"footnotes":""},"class_list":["post-5","page","type-page","status-publish","hentry"],"_links":{"self":[{"href":"https:\/\/irain.es\/index.php\/wp-json\/wp\/v2\/pages\/5","targetHints":{"allow":["GET"]}}],"collection":[{"href":"https:\/\/irain.es\/index.php\/wp-json\/wp\/v2\/pages"}],"about":[{"href":"https:\/\/irain.es\/index.php\/wp-json\/wp\/v2\/types\/page"}],"author":[{"embeddable":true,"href":"https:\/\/irain.es\/index.php\/wp-json\/wp\/v2\/users\/1"}],"replies":[{"embeddable":true,"href":"https:\/\/irain.es\/index.php\/wp-json\/wp\/v2\/comments?post=5"}],"version-history":[{"count":5,"href":"https:\/\/irain.es\/index.php\/wp-json\/wp\/v2\/pages\/5\/revisions"}],"predecessor-version":[{"id":190,"href":"https:\/\/irain.es\/index.php\/wp-json\/wp\/v2\/pages\/5\/revisions\/190"}],"wp:attachment":[{"href":"https:\/\/irain.es\/index.php\/wp-json\/wp\/v2\/media?parent=5"}],"curies":[{"name":"wp","href":"https:\/\/api.w.org\/{rel}","templated":true}]}}